{"id":3887,"date":"2021-07-28T08:33:07","date_gmt":"2021-07-28T13:33:07","guid":{"rendered":"https:\/\/centraldesoluciones.com\/portal\/?page_id=3887"},"modified":"2021-08-05T12:36:31","modified_gmt":"2021-08-05T17:36:31","slug":"brochure-free-trial-30-new-landing","status":"publish","type":"page","link":"https:\/\/centraldesoluciones.com\/portal\/marcas\/gstarcad\/brochure-free-trial-30-new-landing\/","title":{"rendered":"Brochure \/ Free Trial 30 new landing"},"content":{"rendered":"<p><section id=\"PUV-caracteristicas-section\"  class=\"bt_bb_section bt_bb_layout_boxed_1200 bt_bb_vertical_align_top bt_bb_top_spacing_normal\" style=\";background-color:rgb(214,214,214);\"    data-bt-override-class=\"null\"><div class=\"bt_bb_port\"><div class=\"bt_bb_cell\"><div class=\"bt_bb_cell_inner\"><div class=\"bt_bb_row \"  data-bt-override-class=\"{}\"><div class=\"bt_bb_row_holder\" style=\"; 0\"><div  class=\"bt_bb_column col-xxl-6 col-xl-6 bt_bb_vertical_align_middle bt_bb_align_left bt_bb_padding_normal bt_bb_animation_fade_in move_right animate\" style=\"; --column-width:6;\" data-width=\"6\" data-bt-override-class=\"{&quot;bt_bb_align_&quot;:{&quot;current_class&quot;:&quot;bt_bb_align_left&quot;,&quot;def&quot;:&quot;left&quot;,&quot;xl&quot;:&quot;left&quot;,&quot;md&quot;:&quot;center&quot;,&quot;sm&quot;:&quot;center&quot;,&quot;xs&quot;:&quot;center&quot;}}\"><div class=\"bt_bb_column_content\"><div class=\"bt_bb_column_content_inner\"><div class=\"bt_bb_separator bt_bb_border_style_none bt_bb_bottom_spacing_normal\" data-bt-override-class=\"null\"><\/div><header class=\"bt_bb_headline bt_bb_dash_none bt_bb_subheadline bt_bb_size_medium bt_bb_align_inherit\" data-bt-override-class=\"{&quot;bt_bb_size_&quot;:{&quot;current_class&quot;:&quot;bt_bb_size_medium&quot;,&quot;def&quot;:&quot;medium&quot;,&quot;xl&quot;:&quot;medium&quot;},&quot;bt_bb_align_&quot;:{&quot;current_class&quot;:&quot;bt_bb_align_inherit&quot;,&quot;def&quot;:&quot;inherit&quot;,&quot;xl&quot;:&quot;inherit&quot;}}\"><h2 class=\"bt_bb_headline_tag\"><span class=\"bt_bb_headline_content\"><span>GstarCAD 2021<br \/><br \/>\nLa mejor alternativa CAD<br \/><br \/>\n<strong>compatible con DWG &amp; BIM<\/strong><br \/><br \/>\n<\/span><\/span><\/h2><div class=\"bt_bb_headline_subheadline\">Miles de constructores en el mundo usan GstarCAD para dise\u00f1ar, editar, extraer informaci\u00f3n y trabajar con planos 2D y 3D. Compatibilidad con archivos DWG creados desde AutoCAD.<\/div><\/header><div class=\"bt_bb_separator bt_bb_border_style_none bt_bb_bottom_spacing_normal\" data-bt-override-class=\"null\"><\/div><\/div><\/div><\/div><div  class=\"bt_bb_column col-xxl-6 col-xl-6 bt_bb_vertical_align_middle bt_bb_align_center bt_bb_padding_normal bt_bb_animation_fade_in move_left animate\" style=\"; --column-width:6;\" data-width=\"6\" data-bt-override-class=\"{&quot;bt_bb_align_&quot;:{&quot;current_class&quot;:&quot;bt_bb_align_center&quot;,&quot;def&quot;:&quot;center&quot;,&quot;xl&quot;:&quot;center&quot;,&quot;md&quot;:&quot;center&quot;,&quot;sm&quot;:&quot;center&quot;,&quot;xs&quot;:&quot;center&quot;}}\"><div class=\"bt_bb_column_content\"><div class=\"bt_bb_column_content_inner\"><div class=\"bt_bb_image bt_bb_shape_square bt_bb_target_self bt_bb_align_inherit bt_bb_hover_style_simple bt_bb_content_display_always bt_bb_content_align_middle\" style=\"max-width: 530px;\" data-bt-override-class=\"{&quot;bt_bb_align_&quot;:{&quot;current_class&quot;:&quot;bt_bb_align_inherit&quot;,&quot;def&quot;:&quot;inherit&quot;,&quot;xl&quot;:&quot;inherit&quot;}}\"><span><img loading=\"lazy\" decoding=\"async\" width=\"1142\" height=\"924\" src=\"https:\/\/centraldesoluciones.com\/portal\/wp-content\/uploads\/2021\/08\/GstarCAD-Desktop.png\" class=\"attachment-full size-full\" alt=\"https:\/\/centraldesoluciones.com\/portal\/wp-content\/uploads\/2021\/08\/GstarCAD-Desktop.png\" data-full_image_src=\"https:\/\/centraldesoluciones.com\/portal\/wp-content\/uploads\/2021\/08\/GstarCAD-Desktop.png\" title=\"GstarCAD-Desktop\" srcset=\"https:\/\/centraldesoluciones.com\/portal\/wp-content\/uploads\/2021\/08\/GstarCAD-Desktop.png 1142w, https:\/\/centraldesoluciones.com\/portal\/wp-content\/uploads\/2021\/08\/GstarCAD-Desktop-640x518.png 640w, https:\/\/centraldesoluciones.com\/portal\/wp-content\/uploads\/2021\/08\/GstarCAD-Desktop-160x129.png 160w, https:\/\/centraldesoluciones.com\/portal\/wp-content\/uploads\/2021\/08\/GstarCAD-Desktop-768x621.png 768w, https:\/\/centraldesoluciones.com\/portal\/wp-content\/uploads\/2021\/08\/GstarCAD-Desktop-320x259.png 320w\" sizes=\"auto, (max-width: 1142px) 100vw, 1142px\" \/><\/span><\/div><\/div><\/div><\/div><\/div><\/div><\/div><\/div><\/div><\/section><section id=\"bt_bb_section69f43b4885b30\"  class=\"bt_bb_section bt_bb_layout_boxed_1200 bt_bb_vertical_align_top bt_bb_top_spacing_normal bt_bb_bottom_spacing_medium\"     data-bt-override-class=\"null\"><div class=\"bt_bb_port\"><div class=\"bt_bb_cell\"><div class=\"bt_bb_cell_inner\"><div class=\"bt_bb_row  bt_bb_column_gap_small\"  data-bt-override-class=\"{}\"><div class=\"bt_bb_row_holder\" style=\"; 0\"><div  class=\"bt_bb_column col-xxl-6 col-xl-6 bt_bb_vertical_align_top bt_bb_align_left bt_bb_padding_double bt_bb_animation_fade_in move_left animate\" style=\"; --column-width:6;\" data-width=\"6\" data-bt-override-class=\"{&quot;bt_bb_align_&quot;:{&quot;current_class&quot;:&quot;bt_bb_align_left&quot;,&quot;def&quot;:&quot;left&quot;,&quot;xl&quot;:&quot;left&quot;}}\"><div class=\"bt_bb_column_content\"><div class=\"bt_bb_column_content_inner\"><div class=\"bt_bb_video bt_bb_disable_controls_no\"><div class=\"bt-video-container\"><div style=\"width: 100%;\" class=\"wp-video\"><!--[if lt IE 9]><script>document.createElement('video');<\/script><![endif]-->\n<video class=\"wp-video-shortcode\" id=\"video-3887-1\" width=\"640\" height=\"360\" preload=\"metadata\" controls=\"controls\"><source type=\"video\/youtube\" src=\"https:\/\/youtu.be\/1xKiUuWpmGI?_=1\" \/><a href=\"https:\/\/youtu.be\/1xKiUuWpmGI\" target=\"_blank\" rel=\"noopener\">https:\/\/youtu.be\/1xKiUuWpmGI<\/a><\/video><\/div><\/div><\/div><div class=\"bt_bb_separator bt_bb_border_style_none bt_bb_top_spacing_small bt_bb_bottom_spacing_small\" data-bt-override-class=\"null\"><\/div><div  class=\"bt_bb_text\" ><\/p>\n<h5><\/h5>\n<h5><strong>5 razones para probar GstarCAD<\/strong><\/h5>\n<ul>\n<li>Compatibilidad con archivos DWG creados desde AutoCAD.<\/li>\n<li>Igual funcionalidad y productividad que AutoCAD.<\/li>\n<li>Precio inferior a AutoCAD.<\/li>\n<li>M\u00e1s de 800.000 usuarios en todo el mundo.<\/li>\n<li>13 a\u00f1os de representaci\u00f3n y soporte t\u00e9cnico en Colombia.<\/li>\n<\/ul>\n<p>\n<\/div><\/div><\/div><\/div><div  class=\"bt_bb_column col-xxl-6 col-xl-6 bt_bb_vertical_align_top bt_bb_align_left bt_bb_padding_double bt_bb_animation_fade_in move_right animate\" style=\"background-color:rgb(255,255,255);; --column-width:6;\" data-width=\"6\" data-bt-override-class=\"{&quot;bt_bb_align_&quot;:{&quot;current_class&quot;:&quot;bt_bb_align_left&quot;,&quot;def&quot;:&quot;left&quot;,&quot;xl&quot;:&quot;left&quot;}}\"><div class=\"bt_bb_column_content\"><div class=\"bt_bb_column_content_inner\"><div  class=\"bt_bb_text\" ><\/p>\n<p>GstarCAD le brinda las herramientas inteligentes que necesita para simplificar los procesos complejos en dise\u00f1o 2D y 3D.<\/p>\n<p>Llene los datos y enviaremos a su correo los links de descarga del <strong>BROCHURE<\/strong> y <strong>FREE TRIAL.<\/strong><\/p>\n<p>\n<\/div><div class=\"bt_bb_separator bt_bb_border_style_none\" data-bt-override-class=\"null\"><\/div><div class=\"bt_bb_raw_content\"><!-- Begin Mailchimp Signup Form -->\n<link href=\"\/\/cdn-images.mailchimp.com\/embedcode\/classic-10_7.css\" rel=\"stylesheet\" type=\"text\/css\">\n<style type=\"text\/css\">\n\t#mc_embed_signup{background:#fff; clear:left; font:14px Helvetica,Arial,sans-serif; }\n\t\/* Add your own Mailchimp form style overrides in your site stylesheet or in this style block.\n\t   We recommend moving this block and the preceding CSS link to the HEAD of your HTML file. *\/\n<\/style>\n<div id=\"mc_embed_signup\">\n<form action=\"https:\/\/centraldesoluciones.us4.list-manage.com\/subscribe\/post?u=acf62c5d0b65f4f1c77812bfd&amp;id=4d6020682c\" method=\"post\" id=\"mc-embedded-subscribe-form\" name=\"mc-embedded-subscribe-form\" class=\"validate\" target=\"_blank\" novalidate>\n    <div id=\"mc_embed_signup_scroll\">\n\t\n<div class=\"indicates-required\"><span class=\"asterisk\">*<\/span> indicates required<\/div>\n<div class=\"mc-field-group\">\n\t<label for=\"mce-EMAIL\">Email Empresarial  <span class=\"asterisk\">*<\/span>\n<\/label>\n\t<input type=\"email\" value=\"\" name=\"EMAIL\" class=\"required email\" id=\"mce-EMAIL\">\n<\/div>\n<div class=\"mc-field-group\">\n\t<label for=\"mce-FNAME\">Nombre y Apellido  <span class=\"asterisk\">*<\/span>\n<\/label>\n\t<input type=\"text\" value=\"\" name=\"FNAME\" class=\"required\" id=\"mce-FNAME\">\n<\/div>\n<div class=\"mc-field-group\">\n\t<label for=\"mce-MMERGE1\">Rol actual  <span class=\"asterisk\">*<\/span>\n<\/label>\n\t<select name=\"MMERGE1\" class=\"required\" id=\"mce-MMERGE1\">\n\t<option value=\"\"><\/option>\n\t<option value=\"Empleado\">Empleado<\/option>\n<option value=\"Independiente\">Independiente<\/option>\n<option value=\"Estudiante\">Estudiante<\/option>\n\n\t<\/select>\n<\/div>\n<div class=\"mc-field-group\">\n\t<label for=\"mce-MMERGE6\">Raz\u00f3n social <\/label>\n\t<input type=\"text\" value=\"\" name=\"MMERGE6\" class=\"\" id=\"mce-MMERGE6\">\n<\/div>\n<div class=\"mc-field-group size1of2\">\n\t<label for=\"mce-PHONE\">Tel\u00e9fono \/ Celular  <span class=\"asterisk\">*<\/span>\n<\/label>\n\t<input type=\"text\" name=\"PHONE\" class=\"required\" value=\"\" id=\"mce-PHONE\">\n<\/div>\n<div class=\"mc-field-group\">\n\t<label for=\"mce-ADDRESS\">Ciudad  <span class=\"asterisk\">*<\/span>\n<\/label>\n\t<input type=\"text\" value=\"\" name=\"ADDRESS\" class=\"required\" id=\"mce-ADDRESS\">\n<\/div>\n<div class=\"mc-field-group\">\n\t<label for=\"mce-MMERGE7\">Estoy interesado(a) en  <span class=\"asterisk\">*<\/span>\n<\/label>\n\t<select name=\"MMERGE7\" class=\"required\" id=\"mce-MMERGE7\">\n\t<option value=\"\"><\/option>\n\t<option value=\"Descargar brochure\">Descargar brochure<\/option>\n<option value=\"Free trial 30 d\u00edas\">Free trial 30 d\u00edas<\/option>\n\n\t<\/select>\n<\/div>\n\t<div id=\"mce-responses\" class=\"clear\">\n\t\t<div class=\"response\" id=\"mce-error-response\" style=\"display:none\"><\/div>\n\t\t<div class=\"response\" id=\"mce-success-response\" style=\"display:none\"><\/div>\n\t<\/div>    <!-- real people should not fill this in and expect good things - do not remove this or risk form bot signups-->\n    <div style=\"position: absolute; left: -5000px;\" aria-hidden=\"true\"><input type=\"text\" name=\"b_acf62c5d0b65f4f1c77812bfd_4d6020682c\" tabindex=\"-1\" value=\"\"><\/div>\n    <div class=\"clear\"><input type=\"submit\" value=\"DESCARGAR\" name=\"subscribe\" id=\"mc-embedded-subscribe\" class=\"button\"><\/div>\n    <\/div>\n<\/form>\n<\/div>\n<script type='text\/javascript' src='\/\/s3.amazonaws.com\/downloads.mailchimp.com\/js\/mc-validate.js'><\/script><script type='text\/javascript'>(function($) {window.fnames = new Array(); window.ftypes = new Array();fnames[0]='EMAIL';ftypes[0]='email';fnames[5]='FNAME';ftypes[5]='text';fnames[1]='MMERGE1';ftypes[1]='dropdown';fnames[6]='MMERGE6';ftypes[6]='text';fnames[4]='PHONE';ftypes[4]='phone';fnames[3]='ADDRESS';ftypes[3]='text';fnames[7]='MMERGE7';ftypes[7]='dropdown'; \/*\n * Translated default messages for the $ validation plugin.\n * Locale: ES\n *\/\n$.extend($.validator.messages, {\n  required: \"Este campo es obligatorio.\",\n  remote: \"Por favor, rellena este campo.\",\n  email: \"Por favor, escribe una direcci\u00f3n de correo v\u00e1lida\",\n  url: \"Por favor, escribe una URL v\u00e1lida.\",\n  date: \"Por favor, escribe una fecha v\u00e1lida.\",\n  dateISO: \"Por favor, escribe una fecha (ISO) v\u00e1lida.\",\n  number: \"Por favor, escribe un n\u00famero entero v\u00e1lido.\",\n  digits: \"Por favor, escribe s\u00f3lo d\u00edgitos.\",\n  creditcard: \"Por favor, escribe un n\u00famero de tarjeta v\u00e1lido.\",\n  equalTo: \"Por favor, escribe el mismo valor de nuevo.\",\n  accept: \"Por favor, escribe un valor con una extensi\u00f3n aceptada.\",\n  maxlength: $.validator.format(\"Por favor, no escribas m\u00e1s de {0} caracteres.\"),\n  minlength: $.validator.format(\"Por favor, no escribas menos de {0} caracteres.\"),\n  rangelength: $.validator.format(\"Por favor, escribe un valor entre {0} y {1} caracteres.\"),\n  range: $.validator.format(\"Por favor, escribe un valor entre {0} y {1}.\"),\n  max: $.validator.format(\"Por favor, escribe un valor menor o igual a {0}.\"),\n  min: $.validator.format(\"Por favor, escribe un valor mayor o igual a {0}.\")\n});}(jQuery));var $mcj = jQuery.noConflict(true);<\/script>\n<!--End mc_embed_signup--><\/div><div class=\"bt_bb_raw_content\"><script type='text\/javascript'>\njQuery( 'form#mc-embedded-subscribe-form' ).submit( function( e ) {\n    dataLayer.push( {'event': 'Bluebean Revu - Descargas - Formulario - Env\u00edo'} );\n    return true;\n});\n<\/script><\/div><\/div><\/div><\/div><\/div><\/div><\/div><\/div><\/div><\/section><section id=\"bt_bb_section69f43b48862e5\"  class=\"bt_bb_section bt_bb_layout_boxed_1200 bt_bb_vertical_align_top bt_bb_background_overlay_solid_accent bt_bb_top_spacing_medium bt_bb_bottom_spacing_normal\"     data-bt-override-class=\"null\"><div class=\"bt_bb_port\"><div class=\"bt_bb_cell\"><div class=\"bt_bb_cell_inner\"><div class=\"bt_bb_row \"  data-bt-override-class=\"{}\"><div class=\"bt_bb_row_holder\" style=\"; 0\"><div  class=\"bt_bb_column col-xxl-12 col-xl-12 bt_bb_vertical_align_top bt_bb_align_center bt_bb_padding_normal bt_bb_animation_fade_in move_down animate\" style=\"; --column-width:12;\" data-width=\"12\" data-bt-override-class=\"{}\"><div class=\"bt_bb_column_content\"><div class=\"bt_bb_column_content_inner\"><header class=\"bt_bb_headline bt_bb_dash_none bt_bb_size_large bt_bb_align_center\" data-bt-override-class=\"{&quot;bt_bb_size_&quot;:{&quot;current_class&quot;:&quot;bt_bb_size_large&quot;,&quot;def&quot;:&quot;large&quot;,&quot;xl&quot;:&quot;large&quot;},&quot;bt_bb_align_&quot;:{&quot;current_class&quot;:&quot;bt_bb_align_center&quot;,&quot;def&quot;:&quot;center&quot;,&quot;xl&quot;:&quot;center&quot;}}\"><h2 class=\"bt_bb_headline_tag\"><span class=\"bt_bb_headline_content\"><span>\u00bfQuiere <em>conocer m\u00e1s?<\/em><\/span><\/span><\/h2><\/header><div class=\"bt_bb_separator bt_bb_border_style_none bt_bb_bottom_spacing_normal\" data-bt-override-class=\"null\"><\/div><div class=\"bt_bb_button bt_bb_color_scheme_1 bt_bb_icon_position_left bt_bb_style_filled bt_bb_size_normal bt_bb_width_inline bt_bb_shape_round bt_bb_target_self bt_bb_align_inherit\" style=\"; --primary-color:#ffffff; --secondary-color:#181818;\" data-bt-override-class=\"{&quot;bt_bb_size_&quot;:{&quot;current_class&quot;:&quot;bt_bb_size_normal&quot;,&quot;def&quot;:&quot;normal&quot;,&quot;xl&quot;:&quot;normal&quot;},&quot;bt_bb_align_&quot;:{&quot;current_class&quot;:&quot;bt_bb_align_inherit&quot;,&quot;def&quot;:&quot;inherit&quot;,&quot;xl&quot;:&quot;inherit&quot;}}\"><a href=\"https:\/\/centraldesoluciones.com\/portal\/marcas\/gstarcad\/\" target=\"_self\" class=\"bt_bb_link\" title=\"Caracter\u00edsticas GstarCAD\"><span class=\"bt_bb_button_text\" >Caracter\u00edsticas GstarCAD<\/span><\/a><\/div><div class=\"bt_bb_separator bt_bb_border_style_none bt_bb_top_spacing_small bt_bb_hidden_md bt_bb_hidden_lg\" data-bt-override-class=\"null\"><\/div><div class=\"bt_bb_separator bt_bb_border_style_none bt_bb_bottom_spacing_normal\" data-bt-override-class=\"null\"><\/div><\/div><\/div><\/div><\/div><\/div><\/div><\/div><\/div><\/section><\/p>\n","protected":false},"excerpt":{"rendered":"","protected":false},"author":5,"featured_media":0,"parent":3322,"menu_order":50,"comment_status":"closed","ping_status":"closed","template":"","meta":{"_joinchat":[],"footnotes":""},"class_list":["post-3887","page","type-page","status-publish","hentry"],"jetpack_shortlink":"https:\/\/wp.me\/PcU4iG-10H","_links":{"self":[{"href":"https:\/\/centraldesoluciones.com\/portal\/wp-json\/wp\/v2\/pages\/3887","targetHints":{"allow":["GET"]}}],"collection":[{"href":"https:\/\/centraldesoluciones.com\/portal\/wp-json\/wp\/v2\/pages"}],"about":[{"href":"https:\/\/centraldesoluciones.com\/portal\/wp-json\/wp\/v2\/types\/page"}],"author":[{"embeddable":true,"href":"https:\/\/centraldesoluciones.com\/portal\/wp-json\/wp\/v2\/users\/5"}],"replies":[{"embeddable":true,"href":"https:\/\/centraldesoluciones.com\/portal\/wp-json\/wp\/v2\/comments?post=3887"}],"version-history":[{"count":24,"href":"https:\/\/centraldesoluciones.com\/portal\/wp-json\/wp\/v2\/pages\/3887\/revisions"}],"predecessor-version":[{"id":3924,"href":"https:\/\/centraldesoluciones.com\/portal\/wp-json\/wp\/v2\/pages\/3887\/revisions\/3924"}],"up":[{"embeddable":true,"href":"https:\/\/centraldesoluciones.com\/portal\/wp-json\/wp\/v2\/pages\/3322"}],"wp:attachment":[{"href":"https:\/\/centraldesoluciones.com\/portal\/wp-json\/wp\/v2\/media?parent=3887"}],"curies":[{"name":"wp","href":"https:\/\/api.w.org\/{rel}","templated":true}]}}