{"id":3260,"date":"2020-11-05T13:57:06","date_gmt":"2020-11-05T18:57:06","guid":{"rendered":"https:\/\/website.dev.centraldesoluciones.cablop.net\/portal\/?page_id=3260"},"modified":"2021-03-02T19:25:21","modified_gmt":"2021-03-03T00:25:21","slug":"terminos-y-condiciones","status":"publish","type":"page","link":"https:\/\/centraldesoluciones.com\/portal\/terminos-y-condiciones\/","title":{"rendered":"T\u00e9rminos y Condiciones"},"content":{"rendered":"<section id=\"bt_bb_section69f5dd8d5bdee\"  class=\"bt_bb_section bt_bb_layout_boxed_800 bt_bb_vertical_align_top bt_bb_top_spacing_normal bt_bb_bottom_spacing_normal\"     data-bt-override-class=\"null\"><div class=\"bt_bb_port\"><div class=\"bt_bb_cell\"><div class=\"bt_bb_cell_inner\"><div class=\"bt_bb_row \"  data-bt-override-class=\"{}\"><div class=\"bt_bb_row_holder\" style=\"; 0\"><div  class=\"bt_bb_column col-xxl-12 col-xl-12 bt_bb_vertical_align_top bt_bb_align_left bt_bb_padding_normal\" style=\"; --column-width:12;\" data-width=\"12\" data-bt-override-class=\"{}\"><div class=\"bt_bb_column_content\"><div class=\"bt_bb_column_content_inner\"><div  class=\"bt_bb_text\" ><\/p>\n<h2>INFORMACI\u00d3N RELEVANTE<\/h2>\n<p style=\"text-align: justify;\">Es requisito necesario para la adquisici\u00f3n de los productos que se ofrecen en este sitio, que lea y acepte los siguientes T\u00e9rminos y Condiciones que a continuaci\u00f3n se redactan. El uso de nuestros servicios as\u00ed como la compra de nuestros productos implicar\u00e1 que usted ha le\u00eddo y aceptado los T\u00e9rminos y Condiciones de Uso en el presente documento. Todos los productos que son ofrecidos por nuestro sitio web pudieran ser creados, cobrados, enviados o presentados por una p\u00e1gina web tercera y en tal caso estar\u00edan sujetos a sus propios T\u00e9rminos y Condiciones. En algunos casos, para adquirir un producto, ser\u00e1 necesario el registro por parte del usuario, con ingreso de datos personales fidedignos y definici\u00f3n de una contrase\u00f1a.<\/p>\n<p style=\"text-align: justify;\">El usuario puede elegir y cambiar la clave para su acceso de administraci\u00f3n de la cuenta en cualquier momento, en caso de que se haya registrado y que sea necesario para la compra de alguno de nuestros productos. centraldesoluciones.com no asume la responsabilidad en caso de que entregue dicha clave a terceros.<\/p>\n<p style=\"text-align: justify;\">Todas las compras y transacciones que se lleven a cabo por medio de este sitio web, est\u00e1n sujetas a un proceso de confirmaci\u00f3n y verificaci\u00f3n, el cual podr\u00eda incluir la verificaci\u00f3n del stock y disponibilidad de producto, validaci\u00f3n de la forma de pago, validaci\u00f3n de la factura (en caso de existir) y el cumplimiento de las condiciones requeridas por el medio de pago seleccionado. En algunos casos puede que se requiera una verificaci\u00f3n por medio de correo electr\u00f3nico.<\/p>\n<p style=\"text-align: justify;\">Los precios de los productos ofrecidos en esta Tienda Online son v\u00e1lidos solamente en las compras realizadas en este sitio web.<\/p>\n<h2>LICENCIA<\/h2>\n<p style=\"text-align: justify;\">Central De Soluciones Tecnolog\u00eda &amp; Software Ltda.\u00a0a trav\u00e9s de su sitio web concede una licencia para que los usuarios utilicen\u00a0los productos que son vendidos en este sitio web de acuerdo a los T\u00e9rminos y Condiciones que se describen en este documento.<\/p>\n<h2>USO NO AUTORIZADO<\/h2>\n<p style=\"text-align: justify;\">En caso de que aplique (para venta de software, templetes, u otro producto de dise\u00f1o y programaci\u00f3n) usted no puede colocar uno de nuestros productos o servicios, modificado o sin modificar, en un CD, sitio web o ning\u00fan otro medio y ofrecerlos para la redistribuci\u00f3n o la reventa de ning\u00fan tipo.<\/p>\n<h2>PROPIEDAD<\/h2>\n<p style=\"text-align: justify;\">Usted no puede declarar propiedad intelectual o exclusiva a ninguno de nuestros productos o servicios, modificado o sin modificar. Todos los productos son propiedad de los proveedores del contenido. En caso de que no se especifique lo contrario, nuestros productos se proporcionan\u00a0sin ning\u00fan tipo de garant\u00eda, expresa o impl\u00edcita. En ning\u00fan caso esta compa\u00f1\u00eda ser\u00e1 responsables de ning\u00fan da\u00f1o incluyendo, pero no limitado a, da\u00f1os directos, indirectos, especiales, fortuitos o consecuentes u otras p\u00e9rdidas resultantes del uso o de la imposibilidad de utilizar nuestros productos.<\/p>\n<h2>POL\u00cdTICA DE REEMBOLSO Y GARANT\u00cdA<\/h2>\n<p style=\"text-align: justify;\">En el caso de productos que sean\u00a0 mercanc\u00edas irrevocables no-tangibles, no realizamos reembolsos despu\u00e9s de que se env\u00ede el producto, usted tiene la responsabilidad de entender antes de comprarlo. Le pedimos que lea cuidadosamente antes de comprarlo. Hacemos solamente excepciones con esta regla cuando la descripci\u00f3n no se ajusta al producto. Hay algunos productos que pudieran tener garant\u00eda y posibilidad de reembolso pero este ser\u00e1 especificado al comprar el producto. En tales casos la garant\u00eda solo cubrir\u00e1 fallas de f\u00e1brica y s\u00f3lo se har\u00e1 efectiva cuando el producto se haya usado correctamente. La garant\u00eda no cubre aver\u00edas o da\u00f1os ocasionados por uso indebido. Los t\u00e9rminos de la garant\u00eda est\u00e1n asociados a fallas de fabricaci\u00f3n y funcionamiento en condiciones normales de los productos y s\u00f3lo se har\u00e1n efectivos estos t\u00e9rminos si el \u00e9stos han sido usados correctamente. Esto incluye:<\/p>\n<p>\u2013 De acuerdo a las especificaciones t\u00e9cnicas indicadas para cada producto.<br \/>\n\u2013 En condiciones ambientales acorde con las especificaciones indicadas por el fabricante.<br \/>\n\u2013 En uso espec\u00edfico para la funci\u00f3n con que fue dise\u00f1ado de f\u00e1brica.<br \/>\n\u2013 En condiciones de operaci\u00f3n t\u00e9cnicas acorde con las especificaciones y tolerancias indicadas.<\/p>\n<h2>COMPROBACI\u00d3N ANTIFRAUDE<\/h2>\n<p style=\"text-align: justify;\">La compra del cliente puede ser aplazada para la comprobaci\u00f3n antifraude. Tambi\u00e9n puede ser suspendida por m\u00e1s tiempo para una investigaci\u00f3n m\u00e1s rigurosa, para evitar transacciones fraudulentas.<\/p>\n<h2>PRIVACIDAD<\/h2>\n<p style=\"text-align: justify;\">centraldesoluciones.com garantiza que la informaci\u00f3n personal que usted env\u00eda cuenta con la seguridad necesaria. Para m\u00e1s detalles, lo invitamos a ver nuestra\u00a0<a title=\"Pol\u00edtica de Privacidad\" href=\"https:\/\/centraldesoluciones.com\/website\/politica-de-privacidad\/\">Pol\u00edtica de Privacidad<\/a>.<\/p>\n<p style=\"text-align: justify;\">Central de Soluciones reserva los derechos de cambiar o de modificar estos t\u00e9rminos sin previo aviso.<\/p>\n<p>\n<\/div><\/div><\/div><\/div><\/div><\/div><\/div><\/div><\/div><\/section>\n","protected":false},"excerpt":{"rendered":"","protected":false},"author":1,"featured_media":3571,"parent":0,"menu_order":10000,"comment_status":"closed","ping_status":"closed","template":"","meta":{"_joinchat":[],"footnotes":""},"class_list":["post-3260","page","type-page","status-publish","has-post-thumbnail","hentry"],"jetpack_shortlink":"https:\/\/wp.me\/PcU4iG-QA","_links":{"self":[{"href":"https:\/\/centraldesoluciones.com\/portal\/wp-json\/wp\/v2\/pages\/3260","targetHints":{"allow":["GET"]}}],"collection":[{"href":"https:\/\/centraldesoluciones.com\/portal\/wp-json\/wp\/v2\/pages"}],"about":[{"href":"https:\/\/centraldesoluciones.com\/portal\/wp-json\/wp\/v2\/types\/page"}],"author":[{"embeddable":true,"href":"https:\/\/centraldesoluciones.com\/portal\/wp-json\/wp\/v2\/users\/1"}],"replies":[{"embeddable":true,"href":"https:\/\/centraldesoluciones.com\/portal\/wp-json\/wp\/v2\/comments?post=3260"}],"version-history":[{"count":9,"href":"https:\/\/centraldesoluciones.com\/portal\/wp-json\/wp\/v2\/pages\/3260\/revisions"}],"predecessor-version":[{"id":3283,"href":"https:\/\/centraldesoluciones.com\/portal\/wp-json\/wp\/v2\/pages\/3260\/revisions\/3283"}],"wp:featuredmedia":[{"embeddable":true,"href":"https:\/\/centraldesoluciones.com\/portal\/wp-json\/wp\/v2\/media\/3571"}],"wp:attachment":[{"href":"https:\/\/centraldesoluciones.com\/portal\/wp-json\/wp\/v2\/media?parent=3260"}],"curies":[{"name":"wp","href":"https:\/\/api.w.org\/{rel}","templated":true}]}}