{"id":3,"date":"2020-10-16T18:58:59","date_gmt":"2020-10-16T23:58:59","guid":{"rendered":"https:\/\/website.dev.centraldesoluciones.cablop.net\/portal\/?page_id=3"},"modified":"2021-03-02T19:44:45","modified_gmt":"2021-03-03T00:44:45","slug":"politica-de-privacidad","status":"publish","type":"page","link":"https:\/\/centraldesoluciones.com\/portal\/politica-de-privacidad\/","title":{"rendered":"Pol\u00edtica de Privacidad"},"content":{"rendered":"<section id=\"bt_bb_section69f1f62daabdc\"  class=\"bt_bb_section bt_bb_layout_boxed_800 bt_bb_vertical_align_top bt_bb_top_spacing_normal bt_bb_bottom_spacing_normal\"     data-bt-override-class=\"null\"><div class=\"bt_bb_port\"><div class=\"bt_bb_cell\"><div class=\"bt_bb_cell_inner\"><div class=\"bt_bb_row \"  data-bt-override-class=\"{}\"><div class=\"bt_bb_row_holder\" style=\"; 0\"><div  class=\"bt_bb_column col-xxl-12 col-xl-12 bt_bb_vertical_align_top bt_bb_align_left bt_bb_padding_normal\" style=\"; --column-width:12;\" data-width=\"12\" data-bt-override-class=\"{}\"><div class=\"bt_bb_column_content\"><div class=\"bt_bb_column_content_inner\"><div  class=\"bt_bb_text\" ><\/p>\n<p style=\"text-align: justify;\">La presente Pol\u00edtica de Privacidad establece los t\u00e9rminos en que\u00a0Central De Soluciones Tecnolog\u00eda &amp; Software Ltda. usa y protege la informaci\u00f3n que es proporcionada por sus usuarios al momento de utilizar su sitio web. Esta compa\u00f1\u00eda est\u00e1 comprometida con la seguridad de los datos de sus usuarios. Cuando le pedimos llenar los campos de informaci\u00f3n personal con la cual usted pueda ser identificado, lo hacemos asegurando que s\u00f3lo se emplear\u00e1 de acuerdo con los t\u00e9rminos de este documento. Sin embargo, esta Pol\u00edtica de Privacidad puede cambiar con el tiempo o ser actualizada por lo que le recomendamos y enfatizamos revisar continuamente esta p\u00e1gina para asegurarse que est\u00e1 de acuerdo con dichos cambios.<\/p>\n<h2>Informaci\u00f3n que es recogida<\/h2>\n<p style=\"text-align: justify;\">Nuestro sitio web podr\u00e1 recoger informaci\u00f3n personal, por ejemplo: Nombre,\u00a0informaci\u00f3n de contacto \u2013 como\u00a0 su direcci\u00f3n de correo electr\u00f3nico \u2013 e informaci\u00f3n demogr\u00e1fica. As\u00ed mismo, cuando sea necesario, podr\u00e1 ser requerida informaci\u00f3n espec\u00edfica para procesar alg\u00fan pedido, realizar una entrega o facturaci\u00f3n o brindar soporte.<\/p>\n<h2>Uso de la informaci\u00f3n recogida<\/h2>\n<p style=\"text-align: justify;\">Nuestro sitio web emplea la informaci\u00f3n con el fin de proporcionar el mejor servicio posible, particularmente para mantener un registro de usuarios, de pedidos \u2013 en caso que aplique \u2013 y mejorar nuestros productos y servicios. \u00a0Es posible que sean enviados correos electr\u00f3nicos peri\u00f3dicamente a trav\u00e9s de nuestro sitio con ofertas especiales, nuevos productos y otra informaci\u00f3n publicitaria que consideremos relevante para usted o que pueda brindarle alg\u00fan beneficio, estos correos electr\u00f3nicos ser\u00e1n enviados a la direcci\u00f3n que usted proporcione y podr\u00e1n ser cancelados en cualquier momento.<\/p>\n<p style=\"text-align: justify;\">Central de Soluciones est\u00e1 altamente comprometido en cumplir con mantener su informaci\u00f3n segura. Usamos sistemas y tecnolog\u00edas avanzados y los actualizamos constantemente para asegurarnos que no exista ning\u00fan acceso no autorizado.<\/p>\n<h2>Cookies<\/h2>\n<p style=\"text-align: justify;\">Una cookie se refiere a un fichero que es enviado con la finalidad de solicitar permiso para almacenarse en su ordenador, al aceptar dicho fichero se crea y la cookie sirve entonces para tener informaci\u00f3n respecto al tr\u00e1fico web, y tambi\u00e9n facilita las futuras visitas a una web recurrente. Otra funci\u00f3n que tienen las cookies es que con ellas las web pueden reconocerle individualmente y por tanto brindarle el mejor servicio personalizado de su web.<\/p>\n<p style=\"text-align: justify;\">Nuestro sitio web emplea las cookies para poder identificar las p\u00e1ginas que son visitadas y su frecuencia. Esta informaci\u00f3n es empleada \u00fanicamente para an\u00e1lisis estad\u00edstico y despu\u00e9s la informaci\u00f3n se elimina de forma permanente. Usted puede eliminar las cookies en cualquier momento desde su ordenador. Sin embargo, las cookies ayudan a proporcionar un mejor servicio de los sitios web, est\u00e1s no dan acceso a informaci\u00f3n de su ordenador ni de usted, a menos de que usted as\u00ed lo quiera y la proporcione directamente. Usted puede aceptar o negar el uso de cookies, sin embargo, la mayor\u00eda de navegadores aceptan cookies autom\u00e1ticamente pues sirve para tener un mejor servicio web. Tambi\u00e9n usted puede cambiar la configuraci\u00f3n de su ordenador para declinar las cookies. Si se declinan es posible que no pueda utilizar algunos de nuestros servicios y su experiencia en nuestro sitio web sea inferior a la de otros usuarios.<\/p>\n<h2>Enlaces a Terceros<\/h2>\n<p style=\"text-align: justify;\">Este sitio web contiene enlaces a otros sitios que pudieran ser de su inter\u00e9s o son necesarios para algunas funciones o servicios especiales. Una vez que usted de clic en estos enlaces y abandone nuestra p\u00e1gina, ya no tenemos control sobre al sitio al que es redirigido y por lo tanto no somos responsables de los t\u00e9rminos o privacidad ni de la protecci\u00f3n de sus datos en esos otros sitios terceros. Dichos sitios est\u00e1n sujetos a sus propias pol\u00edticas de privacidad por lo cual es recomendable que los consulte para confirmar que usted est\u00e1 de acuerdo con estas.<\/p>\n<h2>Control de su informaci\u00f3n personal<\/h2>\n<p style=\"text-align: justify;\">En cualquier momento usted puede restringir la recopilaci\u00f3n o el uso de la informaci\u00f3n personal que es proporcionada a nuestro\u00a0sitio web.\u00a0En varios de nuestros formularios puede marcar o desmarcar la opci\u00f3n de recibir informaci\u00f3n por correo electr\u00f3nico. En algunos formularios, sin embargo, no es posible optar por no recibir un email, ya que la comunicaci\u00f3n por email ser\u00e1 necesaria para el prop\u00f3sito de ese formulario, como lo es el registro de usuario o solicitar un ebook por email.<\/p>\n<p style=\"text-align: justify;\">En caso de que haya marcado la opci\u00f3n de recibir nuestro bolet\u00edn o publicidad usted puede cancelarla en cualquier momento.<\/p>\n<p style=\"text-align: justify;\">Esta compa\u00f1\u00eda no vender\u00e1, ceder\u00e1 ni distribuir\u00e1 la informaci\u00f3n personal que es recopilada sin su consentimiento, salvo que sea requerido por un juez con un orden judicial.<\/p>\n<p style=\"text-align: justify;\">Central de Soluciones Se reserva el derecho de cambiar los t\u00e9rminos de la presente Pol\u00edtica de Privacidad en cualquier momento.<\/p>\n<p>\n<\/div><\/div><\/div><\/div><\/div><\/div><\/div><\/div><\/div><\/section>\n","protected":false},"excerpt":{"rendered":"","protected":false},"author":1,"featured_media":3572,"parent":0,"menu_order":10000,"comment_status":"closed","ping_status":"closed","template":"","meta":{"_joinchat":[],"footnotes":""},"class_list":["post-3","page","type-page","status-publish","has-post-thumbnail","hentry"],"jetpack_shortlink":"https:\/\/wp.me\/PcU4iG-3","_links":{"self":[{"href":"https:\/\/centraldesoluciones.com\/portal\/wp-json\/wp\/v2\/pages\/3","targetHints":{"allow":["GET"]}}],"collection":[{"href":"https:\/\/centraldesoluciones.com\/portal\/wp-json\/wp\/v2\/pages"}],"about":[{"href":"https:\/\/centraldesoluciones.com\/portal\/wp-json\/wp\/v2\/types\/page"}],"author":[{"embeddable":true,"href":"https:\/\/centraldesoluciones.com\/portal\/wp-json\/wp\/v2\/users\/1"}],"replies":[{"embeddable":true,"href":"https:\/\/centraldesoluciones.com\/portal\/wp-json\/wp\/v2\/comments?post=3"}],"version-history":[{"count":12,"href":"https:\/\/centraldesoluciones.com\/portal\/wp-json\/wp\/v2\/pages\/3\/revisions"}],"predecessor-version":[{"id":3279,"href":"https:\/\/centraldesoluciones.com\/portal\/wp-json\/wp\/v2\/pages\/3\/revisions\/3279"}],"wp:featuredmedia":[{"embeddable":true,"href":"https:\/\/centraldesoluciones.com\/portal\/wp-json\/wp\/v2\/media\/3572"}],"wp:attachment":[{"href":"https:\/\/centraldesoluciones.com\/portal\/wp-json\/wp\/v2\/media?parent=3"}],"curies":[{"name":"wp","href":"https:\/\/api.w.org\/{rel}","templated":true}]}}